{"id":35690,"date":"2019-10-08T11:06:34","date_gmt":"2019-10-08T14:06:34","guid":{"rendered":"http:\/\/sitelovecraft.com\/editora\/?page_id=35690"},"modified":"2021-02-28T19:50:22","modified_gmt":"2021-02-28T22:50:22","slug":"clock-tower-nas-grandes-lojas","status":"publish","type":"page","link":"http:\/\/sitelovecraft.com\/editora\/clock-tower-nas-grandes-lojas\/","title":{"rendered":"Editora Clock Tower nas grandes lojas"},"content":{"rendered":"\n<p>Livros esgotados voltaram a ficar dispon\u00edveis, para adquirir clique nos links abaixo:<\/p>\n\n\n\n<div class=\"wp-block-columns is-layout-flex wp-container-3\">\n<div class=\"wp-block-column is-layout-flow\">\n<figure class=\"wp-block-image size-large\"><img decoding=\"async\" loading=\"lazy\" width=\"389\" height=\"560\" src=\"http:\/\/sitelovecraft.com\/editora\/wp-content\/uploads\/2019\/09\/o-mundo-fant\u00e1stico-de-h.p.-lovecraft-vol-2-1.jpg\" alt=\"Capa O MUNDO FANT\u00c1STICO DE H.P. LOVECRAFT VOLUME 2\" class=\"wp-image-35685\" srcset=\"http:\/\/sitelovecraft.com\/editora\/wp-content\/uploads\/2019\/09\/o-mundo-fant\u00e1stico-de-h.p.-lovecraft-vol-2-1.jpg 389w, http:\/\/sitelovecraft.com\/editora\/wp-content\/uploads\/2019\/09\/o-mundo-fant\u00e1stico-de-h.p.-lovecraft-vol-2-1-104x150.jpg 104w, http:\/\/sitelovecraft.com\/editora\/wp-content\/uploads\/2019\/09\/o-mundo-fant\u00e1stico-de-h.p.-lovecraft-vol-2-1-208x300.jpg 208w\" sizes=\"(max-width: 389px) 100vw, 389px\" \/><\/figure>\n<\/div>\n\n\n\n<div class=\"wp-block-column is-layout-flow\">\n<p class=\"has-text-align-justify\"><strong>O MUNDO FANT\u00c1STICO DE H.P. LOVECRAFT VOLUME 2<\/strong><\/p>\n\n\n\n<p class=\"has-text-align-justify\">A Editora Clock Tower tem a honra de apresentar pela 1 vez em l\u00edngua portuguesa os contos que H.P. Lovecraft escreveu como ghost writer (escritor fantasma). O livro possui pref\u00e1cio de S.T.Joshi e dez contos, al\u00e9m de uma poesia funebre, uma carta e outros materiais in\u00e9ditos!<\/p>\n<\/div>\n<\/div>\n\n\n\n<ul><li><a rel=\"noreferrer noopener\" href=\"https:\/\/loja.umlivro.com.br\/Editora%20Clock%20Tower\" target=\"_blank\">UM LIVRO<\/a><\/li><li><a rel=\"noreferrer noopener\" href=\"https:\/\/shopee.com.br\/O-Mundo-Fant%C3%A1stico-de-H.P.-Lovecraft-Volume-2-i.318969882.4859960277\" target=\"_blank\">SHOPEE<\/a><\/li><li><a rel=\"noreferrer noopener\" href=\"https:\/\/www.estantevirtual.com.br\/livrarialivrovivo\/h-p-lovecraft-o-mundo-fantastico-de-h-p-lovecraft-volume-2-2663776794\" target=\"_blank\">ESTANTE VIRTUAL<\/a><\/li><li><a rel=\"noreferrer noopener\" href=\"https:\/\/produto.mercadolivre.com.br\/MLB-1637285058\" target=\"_blank\">MERCADO LIVRE<\/a><\/li><li><a rel=\"noreferrer noopener\" href=\"https:\/\/www.shoptime.com.br\/produto\/1963044567\" target=\"_blank\">SHOPTIME<\/a><\/li><li><a rel=\"noreferrer noopener\" href=\"https:\/\/www.submarino.com.br\/produto\/1963044567\" target=\"_blank\">SUBMARINO<\/a><\/li><li><a rel=\"noreferrer noopener\" href=\"https:\/\/www.americanas.com.br\/produto\/1963044567\" target=\"_blank\">AMERICANAS<\/a><\/li><li><a rel=\"noreferrer noopener\" href=\"https:\/\/www.amazon.com.br\/Mundo-Fant%C3%A1stico-H-p-Lovecraft\/dp\/8566519124\" target=\"_blank\">AMAZON<\/a><\/li><\/ul>\n\n\n\n<div class=\"wp-block-columns is-layout-flex wp-container-6\">\n<div class=\"wp-block-column is-layout-flow\">\n<figure class=\"wp-block-image size-large\"><img decoding=\"async\" loading=\"lazy\" width=\"731\" height=\"1024\" src=\"http:\/\/sitelovecraft.com\/editora\/wp-content\/uploads\/2018\/05\/o-ciclo-de-yig-731x1024.jpg\" alt=\"Capa O CICLO DE YIG\" class=\"wp-image-35549\"\/><\/figure>\n<\/div>\n\n\n\n<div class=\"wp-block-column is-layout-flow\">\n<p><strong>O CICLO DE YIG<\/strong><\/p>\n\n\n\n<p class=\"has-text-align-justify\">O Ciclo de Yig \u00e9 um livro da Editora Clock Tower com contos in\u00e9ditos de H.P. Lovecraft publicados em l\u00edngua portuguesa. O volume ainda conta com extras e material exclusivo sobre a Mitologia de Yig, o deus serpente.<\/p>\n<\/div>\n<\/div>\n\n\n\n<ul><li><a rel=\"noreferrer noopener\" href=\"https:\/\/loja.umlivro.com.br\/o-ciclo-de-yig\/p\" target=\"_blank\">UM LIVRO<\/a><\/li><li><a rel=\"noreferrer noopener\" href=\"https:\/\/shopee.com.br\/O-Ciclo-de-Yig-i.340659663.3171979537\" target=\"_blank\">SHOPEE<\/a><\/li><li><a rel=\"noreferrer noopener\" href=\"https:\/\/www.estantevirtual.com.br\/umlivro\/h-p-lovecraft-o-ciclo-de-yig-2451044309\" target=\"_blank\">ESTANTE VIRTUAL<\/a><\/li><li><a rel=\"noreferrer noopener\" href=\"https:\/\/produto.mercadolivre.com.br\/MLB-1615787521\" target=\"_blank\">MERCADO LIVRE<\/a><\/li><li><a rel=\"noreferrer noopener\" href=\"https:\/\/www.americanas.com.br\/produto\/1586906571\/\" target=\"_blank\">AMERICANAS<\/a><\/li><li><a rel=\"noreferrer noopener\" href=\"https:\/\/www.amazon.com.br\/ciclo-yig-H-P-Lovecraft\/dp\/8566519108\" target=\"_blank\">AMAZON<\/a><\/li><\/ul>\n\n\n\n<div class=\"wp-block-columns is-layout-flex wp-container-9\">\n<div class=\"wp-block-column is-layout-flow\">\n<figure class=\"wp-block-image size-large\"><img decoding=\"async\" loading=\"lazy\" width=\"722\" height=\"1024\" src=\"http:\/\/sitelovecraft.com\/editora\/wp-content\/uploads\/2018\/05\/arthur-mache-o-mestre-do-oculto-722x1024.jpg\" alt=\"Capa ARTHUR MACHEN: O MESTRE DO OCULTO\" class=\"wp-image-35547\"\/><\/figure>\n<\/div>\n\n\n\n<div class=\"wp-block-column is-layout-flow\">\n<p><strong>O MESTRE DO OCULTO<\/strong><\/p>\n\n\n\n<p class=\"has-text-align-justify\">Colet\u00e2nea de contos de horror sobrenatural de um dos maiores mestres de horror e fantasia de todos os tempos, o famoso escritor gal\u00eas Arthur Machen (1863 \u2014  1947), em edi\u00e7\u00e3o super especial. A capa e diagrama\u00e7\u00e3o ficou a cargo do design F\u00e1bio Silva. <\/p>\n<\/div>\n<\/div>\n\n\n\n<p class=\"has-text-align-justify\">O livro \u00e9 a primeira colet\u00e2nea de obras desse autor em nosso idioma e possuiu uma sele\u00e7\u00e3o especial de 9 contos. Dentre esses trabalhos a novela \u201cO Grande Deus P\u00e3\u201d \u2014  considerado a obra prima do autor. A obra tamb\u00e9m conta com um pref\u00e1cio especial escrito por S.T. Joshi, especialista americano na obra de Lovecraft e horror fant\u00e1stico. Al\u00e9m disso, uma \u2018biobliografia\u2019 longa sobre a vida e obra de Arthur Machen escrita pelo Prof. Dr. Edgar Indalecio Smaniotto.<\/p>\n\n\n\n<ul><li><a rel=\"noreferrer noopener\" href=\"https:\/\/loja.umlivro.com.br\/Editora%20Clock%20Tower\" target=\"_blank\">UM LIVRO<\/a><\/li><li><a rel=\"noreferrer noopener\" href=\"https:\/\/shopee.com.br\/Arthur-Machen-i.318969882.6459954625\" target=\"_blank\">SHOPEE<\/a><\/li><li><a rel=\"noreferrer noopener\" href=\"https:\/\/www.magazineluiza.com.br\/livro-arthur-machen\/p\/edb2kck8ce\/li\/llit\/\" target=\"_blank\">MAGAZINE LUIZA<\/a><\/li><li><a rel=\"noreferrer noopener\" href=\"https:\/\/www.estantevirtual.com.br\/umlivro\/arthur-machen-arthur-machen-2653950750\" target=\"_blank\">ESTANTE VIRTUAL<\/a><\/li><li><a rel=\"noreferrer noopener\" href=\"https:\/\/produto.mercadolivre.com.br\/MLB-1260050813-arthur-machen-_JM?quantity=1\" target=\"_blank\">MERCADO LIVRE<\/a><\/li><li><a rel=\"noreferrer noopener\" href=\"https:\/\/www.shoptime.com.br\/produto\/87978864\" target=\"_blank\">SHOPTIME<\/a><\/li><li><a rel=\"noreferrer noopener\" href=\"https:\/\/www.submarino.com.br\/produto\/87978864\" target=\"_blank\">SUBMARINO<\/a><\/li><li><a rel=\"noreferrer noopener\" href=\"https:\/\/www.americanas.com.br\/produto\/87978864\" target=\"_blank\">AMERICANAS<\/a><\/li><li><a rel=\"noreferrer noopener\" href=\"https:\/\/www.casasbahia.com.br\/editora+clock+tower\/b\" target=\"_blank\">CASAS BAHIA<\/a><\/li><li><a rel=\"noreferrer noopener\" href=\"https:\/\/www.amazon.com.br\/Arthur-Machen\/dp\/856651906X\" target=\"_blank\">AMAZON<\/a><\/li><\/ul>\n\n\n\n<div class=\"wp-block-columns is-layout-flex wp-container-12\">\n<div class=\"wp-block-column is-layout-flow\">\n<figure class=\"wp-block-image size-large\"><img decoding=\"async\" loading=\"lazy\" width=\"410\" height=\"560\" src=\"http:\/\/sitelovecraft.com\/editora\/wp-content\/uploads\/2018\/05\/o-mundo-fant\u00e1stico-de-h.p.-lovecraft-e1526070614128.png\" alt=\"Capa O MUNDO FANT\u00c1STICO DE H.P. LOVECRAFT\" class=\"wp-image-35543\"\/><\/figure>\n<\/div>\n\n\n\n<div class=\"wp-block-column is-layout-flow\">\n<p><strong>O MUNDO FANT\u00c1STICO DE H.P. LOVECRAFT<\/strong><\/p>\n\n\n\n<p class=\"has-text-align-justify\">Colet\u00e2nea de contos, poesias e ensaios do famoso escritor americano de horror H.P. Lovecraft (1890 \u2014 1937), em edi\u00e7\u00e3o especial.<\/p>\n<\/div>\n<\/div>\n\n\n\n<ul><li><a rel=\"noreferrer noopener\" href=\"https:\/\/loja.umlivro.com.br\/Editora%20Clock%20Tower\" target=\"_blank\">UM LIVRO<\/a><\/li><li><a rel=\"noreferrer noopener\" href=\"https:\/\/shopee.com.br\/O-Mundo-Fant%C3%A1stico-de-H.P.-Lovecraft-contos-poesias-e-en-i.318969882.5859955341\" target=\"_blank\">SHOPEE<\/a><\/li><li><a rel=\"noreferrer noopener\" href=\"https:\/\/www.estantevirtual.com.br\/umlivro\/h-p-lovecraft-o-mundo-fantastico-de-h-p-lovecraft-contos-poesias-e-ensaios-2472604070\" target=\"_blank\">ESTANTE VIRTUAL<\/a><\/li><li><a rel=\"noreferrer noopener\" href=\"https:\/\/produto.mercadolivre.com.br\/MLB-1275803775-o-mundo-fantastico-de-hp-lovecraft-contos-poesias-_JM?quantity=1\" target=\"_blank\">MERCADO LIVRE<\/a><\/li><li><a rel=\"noreferrer noopener\" href=\"https:\/\/www.shoptime.com.br\/produto\/138163603\" target=\"_blank\">SHOPTIME<\/a><\/li><li><a rel=\"noreferrer noopener\" href=\"https:\/\/www.submarino.com.br\/produto\/138163603\" target=\"_blank\">SUBMARINO<\/a><\/li><li><a rel=\"noreferrer noopener\" href=\"https:\/\/www.americanas.com.br\/produto\/138163603\" target=\"_blank\">AMERICANAS<\/a><\/li><li><a rel=\"noreferrer noopener\" href=\"https:\/\/www.casasbahia.com.br\/editora+clock+tower\/b\" target=\"_blank\">CASAS BAHIA<\/a><\/li><li><a rel=\"noreferrer noopener\" href=\"https:\/\/www.amazon.com.br\/dp\/8566519051\" target=\"_blank\">AMAZON<\/a><\/li><\/ul>\n\n\n\n<div class=\"wp-block-columns is-layout-flex wp-container-15\">\n<div class=\"wp-block-column is-layout-flow\">\n<figure class=\"wp-block-image size-large\"><img decoding=\"async\" loading=\"lazy\" width=\"706\" height=\"1024\" src=\"http:\/\/sitelovecraft.com\/editora\/wp-content\/uploads\/2018\/05\/o-mundo-sombrio-706x1024.jpg\" alt=\"Capa O MUNDO SOMBRIO\" class=\"wp-image-35548\"\/><\/figure>\n<\/div>\n\n\n\n<div class=\"wp-block-column is-layout-flow\">\n<p><strong>O MUNDO SOMBRIO<\/strong><\/p>\n\n\n\n<p class=\"has-text-align-justify\">Robert E. Howard (1906-1936), foi um escritor texano, pai do famoso personagem Conan e de tantos outros. Considerado o criador do g\u00eanero \u2018Espada e Feiti\u00e7aria\u2019 e um grande influenciador das obras de J.R.R. Tolkien.<\/p>\n<\/div>\n<\/div>\n\n\n\n<ul><li><a rel=\"noreferrer noopener\" href=\"https:\/\/loja.umlivro.com.br\/Editora%20Clock%20Tower\" target=\"_blank\">UM LIVRO<\/a><\/li><li><a rel=\"noreferrer noopener\" href=\"https:\/\/shopee.com.br\/O-Mundo-Sombrio-i.318969882.7059958096\" target=\"_blank\">SHOPEE<\/a><\/li><li><a rel=\"noreferrer noopener\" href=\"https:\/\/www.estantevirtual.com.br\/umlivro\/robert-e-howard-o-mundo-sombrio-2652567571\" target=\"_blank\">ESTANTE VIRTUAL<\/a><\/li><li><a rel=\"noreferrer noopener\" href=\"https:\/\/produto.mercadolivre.com.br\/MLB-1260043922-o-mundo-sombrio-_JM?quantity=1\" target=\"_blank\">MERCADO LIVRE<\/a><\/li><li><a rel=\"noreferrer noopener\" href=\"https:\/\/www.shoptime.com.br\/produto\/87978863\" target=\"_blank\">SHOPTIME<\/a><\/li><li><a rel=\"noreferrer noopener\" href=\"https:\/\/www.submarino.com.br\/produto\/87978863\" target=\"_blank\">SUBMARINO<\/a><\/li><li><a rel=\"noreferrer noopener\" href=\"https:\/\/www.americanas.com.br\/produto\/87978863\" target=\"_blank\">AMERICANAS<\/a><\/li><li><a rel=\"noreferrer noopener\" href=\"https:\/\/www.casasbahia.com.br\/editora+clock+tower\/b\" target=\"_blank\">CASAS BAHIA<\/a><\/li><li><a rel=\"noreferrer noopener\" href=\"https:\/\/www.amazon.com.br\/Mundo-Sombrio-Robert-Howard\/dp\/8566519043\" target=\"_blank\">AMAZON<\/a><\/li><\/ul>\n\n\n\n<div class=\"wp-block-columns is-layout-flex wp-container-18\">\n<div class=\"wp-block-column is-layout-flow\">\n<figure class=\"wp-block-image size-large\"><img decoding=\"async\" loading=\"lazy\" width=\"385\" height=\"560\" src=\"http:\/\/sitelovecraft.com\/editora\/wp-content\/uploads\/2018\/05\/o-rei-de-amarelo-e1526070600853.png\" alt=\"Capa do Rei de Amarelo\" class=\"wp-image-35544\"\/><\/figure>\n<\/div>\n\n\n\n<div class=\"wp-block-column is-layout-flow\">\n<p><strong>O REI DE AMARELO<\/strong><\/p>\n\n\n\n<p class=\"has-text-align-justify\">Escrito em 1895 por Robert W. Chambers \u201cO Rei de Amarelo\u201d influenciou uma enorme gera\u00e7\u00e3o de escritores. O livro \u00e9 formado por quatro hist\u00f3rias que guardam rela\u00e7\u00f5es entre si, tendo como pano de fundo uma entidade misteriosa chamada \u2018O Rei de Amarelo.<\/p>\n<\/div>\n<\/div>\n\n\n\n<ul><li><a rel=\"noreferrer noopener\" href=\"https:\/\/loja.umlivro.com.br\/Editora%20Clock%20Tower\" target=\"_blank\">UM LIVRO<\/a><\/li><li><a rel=\"noreferrer noopener\" href=\"https:\/\/shopee.com.br\/O-Rei-de-Amarelo-i.340659663.7463750129\" target=\"_blank\">SHOPEE<\/a><\/li><li><a rel=\"noreferrer noopener\" href=\"https:\/\/www.estantevirtual.com.br\/umlivro\/robert-w-chambers-o-rei-de-amarelo-2451029956?show_suggestion=0\" target=\"_blank\">ESTANTE VIRTUAL<\/a><\/li><li><a rel=\"noreferrer noopener\" href=\"https:\/\/produto.mercadolivre.com.br\/MLB-1294164034-o-rei-de-amarelo-_JM?quantity=1\" target=\"_blank\">MERCADO LIVRE<\/a><\/li><li><a rel=\"noreferrer noopener\" href=\"https:\/\/www.shoptime.com.br\/produto\/138165588\" target=\"_blank\">SHOPTIME<\/a><\/li><li><a rel=\"noreferrer noopener\" href=\"https:\/\/www.submarino.com.br\/produto\/138165588\" target=\"_blank\">SUBMARINO<\/a><\/li><li><a rel=\"noreferrer noopener\" href=\"https:\/\/www.americanas.com.br\/produto\/138165588\" target=\"_blank\">AMERICANAS<\/a><\/li><li><a rel=\"noreferrer noopener\" href=\"https:\/\/www.casasbahia.com.br\/editora+clock+tower\/b\" target=\"_blank\">CASAS BAHIA<\/a><\/li><li><a rel=\"noreferrer noopener\" href=\"https:\/\/www.amazon.com.br\/dp\/8566519027\" target=\"_blank\">AMAZON<\/a><\/li><\/ul>\n\n\n\n<p><\/p>\n","protected":false},"excerpt":{"rendered":"<p>Livros esgotados voltaram a ficar dispon\u00edveis, para adquirir clique nos links abaixo: O MUNDO FANT\u00c1STICO DE H.P. LOVECRAFT VOLUME 2 A Editora Clock Tower tem a honra de apresentar pela 1 vez em l\u00edngua portuguesa os contos que H.P. Lovecraft escreveu como ghost writer (escritor fantasma). O livro possui pref\u00e1cio de S.T.Joshi e dez contos,&hellip; <a class=\"more-link\" href=\"http:\/\/sitelovecraft.com\/editora\/clock-tower-nas-grandes-lojas\/\">Continuar lendo <span class=\"screen-reader-text\">Editora Clock Tower nas grandes lojas<\/span><\/a><\/p>\n","protected":false},"author":1,"featured_media":0,"parent":0,"menu_order":0,"comment_status":"closed","ping_status":"closed","template":"","meta":{"jetpack_post_was_ever_published":false},"jetpack_sharing_enabled":true,"jetpack_shortlink":"https:\/\/wp.me\/P9U4qX-9hE","_links":{"self":[{"href":"http:\/\/sitelovecraft.com\/editora\/wp-json\/wp\/v2\/pages\/35690"}],"collection":[{"href":"http:\/\/sitelovecraft.com\/editora\/wp-json\/wp\/v2\/pages"}],"about":[{"href":"http:\/\/sitelovecraft.com\/editora\/wp-json\/wp\/v2\/types\/page"}],"author":[{"embeddable":true,"href":"http:\/\/sitelovecraft.com\/editora\/wp-json\/wp\/v2\/users\/1"}],"replies":[{"embeddable":true,"href":"http:\/\/sitelovecraft.com\/editora\/wp-json\/wp\/v2\/comments?post=35690"}],"version-history":[{"count":57,"href":"http:\/\/sitelovecraft.com\/editora\/wp-json\/wp\/v2\/pages\/35690\/revisions"}],"predecessor-version":[{"id":35869,"href":"http:\/\/sitelovecraft.com\/editora\/wp-json\/wp\/v2\/pages\/35690\/revisions\/35869"}],"wp:attachment":[{"href":"http:\/\/sitelovecraft.com\/editora\/wp-json\/wp\/v2\/media?parent=35690"}],"curies":[{"name":"wp","href":"https:\/\/api.w.org\/{rel}","templated":true}]}}